{"id":223,"date":"2022-01-07T21:58:02","date_gmt":"2022-01-07T08:58:02","guid":{"rendered":"http:\/\/www.lenaschmid.com\/?page_id=223"},"modified":"2022-07-25T23:28:24","modified_gmt":"2022-07-25T11:28:24","slug":"arbeiten","status":"publish","type":"page","link":"https:\/\/www.lenaschmidtupou.com\/de\/arbeiten\/","title":{"rendered":"Arbeiten"},"content":{"rendered":"\n<div class=\"wp-block-columns is-layout-flex wp-container-4 wp-block-columns-is-layout-flex\">\n<div class=\"wp-block-column is-layout-flow wp-block-column-is-layout-flow\">\n<h1 class=\"wp-block-heading\">Arbeiten<\/h1>\n<\/div>\n\n\n\n<div class=\"wp-block-column is-layout-flow wp-block-column-is-layout-flow\">\n<p>Lena Schmid-Tupou arbeitet in unterschiedlichen Techniken wie \u00d6lmalerei, Druckgrafik, Zeichnung, Keramik und Glas, immer auf der Suche nach einer k\u00fcnstlerischen Auseinandersetzung und Erforschung von Wegen der Malerei. <\/p>\n<\/div>\n\n\n\n<div class=\"wp-block-column is-layout-flow wp-block-column-is-layout-flow\">\n<p>Ihre Kunst lebt sowohl von der Natur als auch von der urbanen Umgebung, in der die K\u00fcnstlerin lebt. Seit sie an oft weit entfernten Orten zu arbeiten begann, war ihre unmittelbare Wahrnehmung der Dinge vor und um sie herum die prim\u00e4re, treibende Kraft ihrer k\u00fcnstlerischen Bem\u00fchungen.<\/p>\n<\/div>\n<\/div>\n\n\n\n<div style=\"height:60px\" aria-hidden=\"true\" class=\"wp-block-spacer\"><\/div>\n\n\n\n<div class=\"wp-block-columns is-layout-flex wp-container-14 wp-block-columns-is-layout-flex\">\n<div class=\"wp-block-column is-layout-flow wp-block-column-is-layout-flow\">\n<div class=\"wp-block-cover is-light\" style=\"min-height:348px\"><span aria-hidden=\"true\" class=\"wp-block-cover__background has-background-dim-0 has-background-dim\"><\/span><img decoding=\"async\" loading=\"lazy\" width=\"1000\" height=\"1144\" class=\"wp-block-cover__image-background wp-image-371\" alt=\"\" src=\"https:\/\/www.lenaschmidtupou.com\/wp-content\/uploads\/2022\/01\/2020_LenaSchmidTupou_SilfraNo1_O\u0308laufLeinwand_250x220cm_web.jpg\" data-object-fit=\"cover\" srcset=\"https:\/\/www.lenaschmidtupou.com\/wp-content\/uploads\/2022\/01\/2020_LenaSchmidTupou_SilfraNo1_O\u0308laufLeinwand_250x220cm_web.jpg 1000w, https:\/\/www.lenaschmidtupou.com\/wp-content\/uploads\/2022\/01\/2020_LenaSchmidTupou_SilfraNo1_O\u0308laufLeinwand_250x220cm_web-262x300.jpg 262w, https:\/\/www.lenaschmidtupou.com\/wp-content\/uploads\/2022\/01\/2020_LenaSchmidTupou_SilfraNo1_O\u0308laufLeinwand_250x220cm_web-895x1024.jpg 895w, https:\/\/www.lenaschmidtupou.com\/wp-content\/uploads\/2022\/01\/2020_LenaSchmidTupou_SilfraNo1_O\u0308laufLeinwand_250x220cm_web-768x879.jpg 768w, https:\/\/www.lenaschmidtupou.com\/wp-content\/uploads\/2022\/01\/2020_LenaSchmidTupou_SilfraNo1_O\u0308laufLeinwand_250x220cm_web-437x500.jpg 437w, https:\/\/www.lenaschmidtupou.com\/wp-content\/uploads\/2022\/01\/2020_LenaSchmidTupou_SilfraNo1_O\u0308laufLeinwand_250x220cm_web-656x750.jpg 656w, https:\/\/www.lenaschmidtupou.com\/wp-content\/uploads\/2022\/01\/2020_LenaSchmidTupou_SilfraNo1_O\u0308laufLeinwand_250x220cm_web-874x1000.jpg 874w\" sizes=\"(max-width: 1000px) 100vw, 1000px\" \/><div class=\"wp-block-cover__inner-container is-layout-flow wp-block-cover-is-layout-flow\">\n<p class=\"has-text-align-center has-large-font-size\"><\/p>\n<\/div><\/div>\n\n\n\n<h3 class=\"wp-block-heading\">Silfra<\/h3>\n\n\n\n<p><meta charset=\"utf-8\"><meta charset=\"utf-8\">Erinnerte Umrisse vorbeiziehender Felder, blitzende Lichtstrahlen \u2013 eine k\u00fcnstlerische Meditation \u00fcber die Zeitlichkeit.<\/p>\n\n\n\n<div class=\"wp-block-buttons is-layout-flex wp-block-buttons-is-layout-flex\">\n<div class=\"wp-block-button\"><a class=\"wp-block-button__link\" href=\"https:\/\/www.lenaschmidtupou.com\/de\/arbeiten\/silfra\">Zur Serie<\/a><\/div>\n<\/div>\n<\/div>\n\n\n\n<div class=\"wp-block-column is-layout-flow wp-block-column-is-layout-flow\">\n<div class=\"wp-block-cover is-light\" style=\"min-height:348px\"><span aria-hidden=\"true\" class=\"wp-block-cover__background has-background-dim-0 has-background-dim\"><\/span><img decoding=\"async\" loading=\"lazy\" width=\"1000\" height=\"667\" class=\"wp-block-cover__image-background wp-image-1367\" alt=\"\" src=\"https:\/\/www.lenaschmidtupou.com\/wp-content\/uploads\/2022\/04\/210930-Lena-SchmidTupou1459.jpg\" data-object-fit=\"cover\" srcset=\"https:\/\/www.lenaschmidtupou.com\/wp-content\/uploads\/2022\/04\/210930-Lena-SchmidTupou1459.jpg 1000w, https:\/\/www.lenaschmidtupou.com\/wp-content\/uploads\/2022\/04\/210930-Lena-SchmidTupou1459-300x200.jpg 300w, https:\/\/www.lenaschmidtupou.com\/wp-content\/uploads\/2022\/04\/210930-Lena-SchmidTupou1459-768x512.jpg 768w, https:\/\/www.lenaschmidtupou.com\/wp-content\/uploads\/2022\/04\/210930-Lena-SchmidTupou1459-500x334.jpg 500w, https:\/\/www.lenaschmidtupou.com\/wp-content\/uploads\/2022\/04\/210930-Lena-SchmidTupou1459-750x500.jpg 750w\" sizes=\"(max-width: 1000px) 100vw, 1000px\" \/><div class=\"wp-block-cover__inner-container is-layout-flow wp-block-cover-is-layout-flow\">\n<p class=\"has-text-align-center has-large-font-size\"><\/p>\n<\/div><\/div>\n\n\n\n<h3 class=\"wp-block-heading\">Lumen<\/h3>\n\n\n\n<p><meta charset=\"utf-8\"><meta charset=\"utf-8\">Glasskulpturen, inspiriert von den Gem\u00e4lden von Silfra und den Keramikskulpturen von Landmannalaugar.<\/p>\n\n\n\n<div class=\"wp-block-buttons is-layout-flex wp-block-buttons-is-layout-flex\">\n<div class=\"wp-block-button\"><a class=\"wp-block-button__link\" href=\"https:\/\/www.lenaschmidtupou.com\/de\/arbeiten\/lumen\">Zur Serie<\/a><\/div>\n<\/div>\n<\/div>\n\n\n\n<div class=\"wp-block-column is-layout-flow wp-block-column-is-layout-flow\">\n<div class=\"wp-block-cover is-light\" style=\"min-height:348px\"><span aria-hidden=\"true\" class=\"wp-block-cover__background has-background-dim-0 has-background-dim\"><\/span><img decoding=\"async\" loading=\"lazy\" width=\"1000\" height=\"1379\" class=\"wp-block-cover__image-background wp-image-635\" alt=\"\" src=\"https:\/\/www.lenaschmidtupou.com\/wp-content\/uploads\/2022\/02\/2018_InterfacesNo7_LenaSchmidTupou_O\u0308l_auf_Leinwand_101cmx76cm.jpg\" data-object-fit=\"cover\" srcset=\"https:\/\/www.lenaschmidtupou.com\/wp-content\/uploads\/2022\/02\/2018_InterfacesNo7_LenaSchmidTupou_O\u0308l_auf_Leinwand_101cmx76cm.jpg 1000w, https:\/\/www.lenaschmidtupou.com\/wp-content\/uploads\/2022\/02\/2018_InterfacesNo7_LenaSchmidTupou_O\u0308l_auf_Leinwand_101cmx76cm-218x300.jpg 218w, https:\/\/www.lenaschmidtupou.com\/wp-content\/uploads\/2022\/02\/2018_InterfacesNo7_LenaSchmidTupou_O\u0308l_auf_Leinwand_101cmx76cm-743x1024.jpg 743w, https:\/\/www.lenaschmidtupou.com\/wp-content\/uploads\/2022\/02\/2018_InterfacesNo7_LenaSchmidTupou_O\u0308l_auf_Leinwand_101cmx76cm-768x1059.jpg 768w, https:\/\/www.lenaschmidtupou.com\/wp-content\/uploads\/2022\/02\/2018_InterfacesNo7_LenaSchmidTupou_O\u0308l_auf_Leinwand_101cmx76cm-363x500.jpg 363w, https:\/\/www.lenaschmidtupou.com\/wp-content\/uploads\/2022\/02\/2018_InterfacesNo7_LenaSchmidTupou_O\u0308l_auf_Leinwand_101cmx76cm-544x750.jpg 544w, https:\/\/www.lenaschmidtupou.com\/wp-content\/uploads\/2022\/02\/2018_InterfacesNo7_LenaSchmidTupou_O\u0308l_auf_Leinwand_101cmx76cm-725x1000.jpg 725w\" sizes=\"(max-width: 1000px) 100vw, 1000px\" \/><div class=\"wp-block-cover__inner-container is-layout-flow wp-block-cover-is-layout-flow\">\n<p class=\"has-text-align-center has-large-font-size\"><\/p>\n<\/div><\/div>\n\n\n\n<h3 class=\"wp-block-heading\">Interfaces<\/h3>\n\n\n\n<p><meta charset=\"utf-8\"><meta charset=\"utf-8\">Die Erkundung der unterschiedlichen Landschaften, arrangiert in verschiedenen Kompositionen auf Leinwand.<\/p>\n\n\n\n<div class=\"wp-block-buttons is-layout-flex wp-block-buttons-is-layout-flex\">\n<div class=\"wp-block-button\"><a class=\"wp-block-button__link\" href=\"https:\/\/www.lenaschmidtupou.com\/de\/arbeiten\/interfaces\">Zur Serie<\/a><\/div>\n<\/div>\n<\/div>\n<\/div>\n\n\n\n<div style=\"height:30px\" aria-hidden=\"true\" class=\"wp-block-spacer\"><\/div>\n\n\n\n<div class=\"wp-block-columns is-layout-flex wp-container-24 wp-block-columns-is-layout-flex\">\n<div class=\"wp-block-column is-layout-flow wp-block-column-is-layout-flow\">\n<div class=\"wp-block-cover\" style=\"min-height:348px\"><span aria-hidden=\"true\" class=\"wp-block-cover__background has-background-dim-0 has-background-dim\"><\/span><img decoding=\"async\" loading=\"lazy\" width=\"1000\" height=\"1254\" class=\"wp-block-cover__image-background wp-image-412\" alt=\"\" src=\"https:\/\/www.lenaschmidtupou.com\/wp-content\/uploads\/2022\/01\/2018_LenaSchmidTupou_TeAraroaNo1_O\u0308laufLeinwand_50x40cm_web.jpg\" data-object-fit=\"cover\" srcset=\"https:\/\/www.lenaschmidtupou.com\/wp-content\/uploads\/2022\/01\/2018_LenaSchmidTupou_TeAraroaNo1_O\u0308laufLeinwand_50x40cm_web.jpg 1000w, https:\/\/www.lenaschmidtupou.com\/wp-content\/uploads\/2022\/01\/2018_LenaSchmidTupou_TeAraroaNo1_O\u0308laufLeinwand_50x40cm_web-239x300.jpg 239w, https:\/\/www.lenaschmidtupou.com\/wp-content\/uploads\/2022\/01\/2018_LenaSchmidTupou_TeAraroaNo1_O\u0308laufLeinwand_50x40cm_web-817x1024.jpg 817w, https:\/\/www.lenaschmidtupou.com\/wp-content\/uploads\/2022\/01\/2018_LenaSchmidTupou_TeAraroaNo1_O\u0308laufLeinwand_50x40cm_web-768x963.jpg 768w, https:\/\/www.lenaschmidtupou.com\/wp-content\/uploads\/2022\/01\/2018_LenaSchmidTupou_TeAraroaNo1_O\u0308laufLeinwand_50x40cm_web-399x500.jpg 399w, https:\/\/www.lenaschmidtupou.com\/wp-content\/uploads\/2022\/01\/2018_LenaSchmidTupou_TeAraroaNo1_O\u0308laufLeinwand_50x40cm_web-598x750.jpg 598w, https:\/\/www.lenaschmidtupou.com\/wp-content\/uploads\/2022\/01\/2018_LenaSchmidTupou_TeAraroaNo1_O\u0308laufLeinwand_50x40cm_web-797x1000.jpg 797w\" sizes=\"(max-width: 1000px) 100vw, 1000px\" \/><div class=\"wp-block-cover__inner-container is-layout-flow wp-block-cover-is-layout-flow\">\n<p class=\"has-text-align-center has-large-font-size\"><\/p>\n<\/div><\/div>\n\n\n\n<h3 class=\"wp-block-heading\"><meta charset=\"utf-8\">Te Araroa<\/h3>\n\n\n\n<p><meta charset=\"utf-8\"><meta charset=\"utf-8\"><meta charset=\"utf-8\">Te Araroa ist eine kleine Stadt in der N\u00e4he des Ostkaps von Aotearoa Neuseeland, die morgens als erste die Sonne sieht.<\/p>\n\n\n\n<div class=\"wp-block-buttons is-layout-flex wp-block-buttons-is-layout-flex\">\n<div class=\"wp-block-button\"><a class=\"wp-block-button__link\" href=\"https:\/\/www.lenaschmidtupou.com\/de\/arbeiten\/te-araroa\"><meta charset=\"utf-8\">Zur Serie<\/a><\/div>\n<\/div>\n<\/div>\n\n\n\n<div class=\"wp-block-column is-layout-flow wp-block-column-is-layout-flow\">\n<div class=\"wp-block-cover is-light\" style=\"min-height:348px\"><span aria-hidden=\"true\" class=\"wp-block-cover__background has-background-dim-0 has-background-dim\"><\/span><img decoding=\"async\" loading=\"lazy\" width=\"1000\" height=\"1328\" class=\"wp-block-cover__image-background wp-image-267\" alt=\"\" src=\"https:\/\/www.lenaschmidtupou.com\/wp-content\/uploads\/2022\/01\/2019_LenaSchmidTupou_MatamataNo6_O\u0308laufLeinwand_120x90cm_web.jpg\" data-object-fit=\"cover\" srcset=\"https:\/\/www.lenaschmidtupou.com\/wp-content\/uploads\/2022\/01\/2019_LenaSchmidTupou_MatamataNo6_O\u0308laufLeinwand_120x90cm_web.jpg 1000w, https:\/\/www.lenaschmidtupou.com\/wp-content\/uploads\/2022\/01\/2019_LenaSchmidTupou_MatamataNo6_O\u0308laufLeinwand_120x90cm_web-226x300.jpg 226w, https:\/\/www.lenaschmidtupou.com\/wp-content\/uploads\/2022\/01\/2019_LenaSchmidTupou_MatamataNo6_O\u0308laufLeinwand_120x90cm_web-771x1024.jpg 771w, https:\/\/www.lenaschmidtupou.com\/wp-content\/uploads\/2022\/01\/2019_LenaSchmidTupou_MatamataNo6_O\u0308laufLeinwand_120x90cm_web-768x1020.jpg 768w\" sizes=\"(max-width: 1000px) 100vw, 1000px\" \/><div class=\"wp-block-cover__inner-container is-layout-flow wp-block-cover-is-layout-flow\">\n<p class=\"has-text-align-center has-large-font-size\"><\/p>\n<\/div><\/div>\n\n\n\n<h3 class=\"wp-block-heading\">Matamata<\/h3>\n\n\n\n<p>Matamata ist eine Serie, die nach einer kleinen Stadt in der Region Waikato in Aotearoa Neuseeland  benannt ist.<\/p>\n\n\n\n<div class=\"wp-block-buttons is-layout-flex wp-block-buttons-is-layout-flex\">\n<div class=\"wp-block-button\"><a class=\"wp-block-button__link\" href=\"https:\/\/www.lenaschmidtupou.com\/de\/arbeiten\/matamata\">Zur Serie<\/a><\/div>\n<\/div>\n<\/div>\n\n\n\n<div class=\"wp-block-column is-layout-flow wp-block-column-is-layout-flow\">\n<div class=\"wp-block-cover is-light\" style=\"min-height:348px\"><span aria-hidden=\"true\" class=\"wp-block-cover__background has-background-dim-0 has-background-dim\"><\/span><img decoding=\"async\" loading=\"lazy\" width=\"1000\" height=\"1148\" class=\"wp-block-cover__image-background wp-image-350\" alt=\"\" src=\"https:\/\/www.lenaschmidtupou.com\/wp-content\/uploads\/2022\/01\/2019_LenaSchmidTupou_NgorongoroNo4_O\u0308laufLeinwand_160x140cm_web.jpg\" data-object-fit=\"cover\" srcset=\"https:\/\/www.lenaschmidtupou.com\/wp-content\/uploads\/2022\/01\/2019_LenaSchmidTupou_NgorongoroNo4_O\u0308laufLeinwand_160x140cm_web.jpg 1000w, https:\/\/www.lenaschmidtupou.com\/wp-content\/uploads\/2022\/01\/2019_LenaSchmidTupou_NgorongoroNo4_O\u0308laufLeinwand_160x140cm_web-261x300.jpg 261w, https:\/\/www.lenaschmidtupou.com\/wp-content\/uploads\/2022\/01\/2019_LenaSchmidTupou_NgorongoroNo4_O\u0308laufLeinwand_160x140cm_web-892x1024.jpg 892w, https:\/\/www.lenaschmidtupou.com\/wp-content\/uploads\/2022\/01\/2019_LenaSchmidTupou_NgorongoroNo4_O\u0308laufLeinwand_160x140cm_web-768x882.jpg 768w, https:\/\/www.lenaschmidtupou.com\/wp-content\/uploads\/2022\/01\/2019_LenaSchmidTupou_NgorongoroNo4_O\u0308laufLeinwand_160x140cm_web-436x500.jpg 436w, https:\/\/www.lenaschmidtupou.com\/wp-content\/uploads\/2022\/01\/2019_LenaSchmidTupou_NgorongoroNo4_O\u0308laufLeinwand_160x140cm_web-653x750.jpg 653w, https:\/\/www.lenaschmidtupou.com\/wp-content\/uploads\/2022\/01\/2019_LenaSchmidTupou_NgorongoroNo4_O\u0308laufLeinwand_160x140cm_web-871x1000.jpg 871w\" sizes=\"(max-width: 1000px) 100vw, 1000px\" \/><div class=\"wp-block-cover__inner-container is-layout-flow wp-block-cover-is-layout-flow\">\n<p class=\"has-text-align-center has-large-font-size\"><\/p>\n<\/div><\/div>\n\n\n\n<h3 class=\"wp-block-heading\">Ngorongoro<\/h3>\n\n\n\n<p>Ngorongoro ist ein Unesco-Weltkulturerbe in Tansania und heiliges Land der Massai.<\/p>\n\n\n\n<div class=\"wp-block-buttons is-layout-flex wp-block-buttons-is-layout-flex\">\n<div class=\"wp-block-button\"><a class=\"wp-block-button__link\" href=\"https:\/\/www.lenaschmidtupou.com\/de\/arbeiten\/ngorongoro\">Zur Serie<\/a><\/div>\n<\/div>\n<\/div>\n<\/div>\n\n\n\n<div style=\"height:60px\" aria-hidden=\"true\" class=\"wp-block-spacer\"><\/div>\n","protected":false},"excerpt":{"rendered":"<p>Arbeiten Lena Schmid-Tupou arbeitet in unterschiedlichen Techniken wie \u00d6lmalerei, Druckgrafik, Zeichnung, Keramik und Glas, immer auf der Suche nach einer k\u00fcnstlerischen Auseinandersetzung und Erforschung von Wegen der Malerei. Ihre Kunst lebt sowohl von der Natur als auch von der urbanen Umgebung, in der die K\u00fcnstlerin lebt. Seit sie an oft weit entfernten Orten zu arbeiten [&hellip;]<\/p>\n","protected":false},"author":1,"featured_media":0,"parent":0,"menu_order":0,"comment_status":"closed","ping_status":"closed","template":"","meta":{"inline_featured_image":false,"pgc_sgb_lightbox_settings":"","footnotes":""},"_links":{"self":[{"href":"https:\/\/www.lenaschmidtupou.com\/de\/wp-json\/wp\/v2\/pages\/223"}],"collection":[{"href":"https:\/\/www.lenaschmidtupou.com\/de\/wp-json\/wp\/v2\/pages"}],"about":[{"href":"https:\/\/www.lenaschmidtupou.com\/de\/wp-json\/wp\/v2\/types\/page"}],"author":[{"embeddable":true,"href":"https:\/\/www.lenaschmidtupou.com\/de\/wp-json\/wp\/v2\/users\/1"}],"replies":[{"embeddable":true,"href":"https:\/\/www.lenaschmidtupou.com\/de\/wp-json\/wp\/v2\/comments?post=223"}],"version-history":[{"count":16,"href":"https:\/\/www.lenaschmidtupou.com\/de\/wp-json\/wp\/v2\/pages\/223\/revisions"}],"predecessor-version":[{"id":2252,"href":"https:\/\/www.lenaschmidtupou.com\/de\/wp-json\/wp\/v2\/pages\/223\/revisions\/2252"}],"wp:attachment":[{"href":"https:\/\/www.lenaschmidtupou.com\/de\/wp-json\/wp\/v2\/media?parent=223"}],"curies":[{"name":"wp","href":"https:\/\/api.w.org\/{rel}","templated":true}]}}