{"id":179,"date":"2021-12-23T03:59:10","date_gmt":"2021-12-22T14:59:10","guid":{"rendered":"http:\/\/www.lenaschmid.com\/?page_id=179"},"modified":"2025-03-26T17:06:19","modified_gmt":"2025-03-26T16:06:19","slug":"startseite","status":"publish","type":"page","link":"https:\/\/www.lenaschmidtupou.com\/de\/","title":{"rendered":"Startseite"},"content":{"rendered":"\n<div class=\"wp-block-cover is-light\"><span aria-hidden=\"true\" class=\"wp-block-cover__background has-background-dim-0 has-background-dim\"><\/span><img decoding=\"async\" loading=\"lazy\" width=\"1000\" height=\"1162\" class=\"wp-block-cover__image-background wp-image-706\" alt=\"\" src=\"https:\/\/www.lenaschmidtupou.com\/wp-content\/uploads\/2022\/02\/InterfacesNo27_2018_oil_on_canvas_160cmx140cm.jpg\" style=\"object-position:30% 0%\" data-object-fit=\"cover\" data-object-position=\"30% 0%\" srcset=\"https:\/\/www.lenaschmidtupou.com\/wp-content\/uploads\/2022\/02\/InterfacesNo27_2018_oil_on_canvas_160cmx140cm.jpg 1000w, https:\/\/www.lenaschmidtupou.com\/wp-content\/uploads\/2022\/02\/InterfacesNo27_2018_oil_on_canvas_160cmx140cm-258x300.jpg 258w, https:\/\/www.lenaschmidtupou.com\/wp-content\/uploads\/2022\/02\/InterfacesNo27_2018_oil_on_canvas_160cmx140cm-881x1024.jpg 881w, https:\/\/www.lenaschmidtupou.com\/wp-content\/uploads\/2022\/02\/InterfacesNo27_2018_oil_on_canvas_160cmx140cm-768x892.jpg 768w, https:\/\/www.lenaschmidtupou.com\/wp-content\/uploads\/2022\/02\/InterfacesNo27_2018_oil_on_canvas_160cmx140cm-430x500.jpg 430w, https:\/\/www.lenaschmidtupou.com\/wp-content\/uploads\/2022\/02\/InterfacesNo27_2018_oil_on_canvas_160cmx140cm-645x750.jpg 645w, https:\/\/www.lenaschmidtupou.com\/wp-content\/uploads\/2022\/02\/InterfacesNo27_2018_oil_on_canvas_160cmx140cm-861x1000.jpg 861w\" sizes=\"(max-width: 1000px) 100vw, 1000px\" \/><div class=\"wp-block-cover__inner-container is-layout-flow wp-block-cover-is-layout-flow\">\n<p class=\"has-text-align-center has-large-font-size\"><\/p>\n<\/div><\/div>\n\n\n\n<h1 class=\"wp-block-heading has-text-align-center\">Lena Schmid-Tupou<\/h1>\n\n\n\n<h3 class=\"wp-block-heading has-text-align-center\">Die Dinge, die wir sehen, sind genau so wichtig wie die Dinge, <br>die wir uns vorstellen, wir ertr\u00e4umen oder f\u00fchlen. <\/h3>\n\n\n\n<div style=\"height:30px\" aria-hidden=\"true\" class=\"wp-block-spacer\"><\/div>\n\n\n\n<h2 class=\"wp-block-heading has-text-align-center\">Arbeiten<\/h2>\n\n\n\n<div style=\"height:14px\" aria-hidden=\"true\" class=\"wp-block-spacer\"><\/div>\n\n\n\n<div class=\"wp-block-columns is-layout-flex wp-container-11 wp-block-columns-is-layout-flex\">\n<div class=\"wp-block-column is-layout-flow wp-block-column-is-layout-flow\">\n<div class=\"wp-block-cover is-light\" style=\"min-height:348px\"><span aria-hidden=\"true\" class=\"wp-block-cover__background has-background-dim-0 has-background-dim\"><\/span><img decoding=\"async\" loading=\"lazy\" width=\"1000\" height=\"1144\" class=\"wp-block-cover__image-background wp-image-368\" alt=\"\" src=\"https:\/\/www.lenaschmidtupou.com\/wp-content\/uploads\/2022\/01\/2020_LenaSchmidTupou_SilfraNo1_oil_on_canvas_250x220cm_web.jpg\" data-object-fit=\"cover\" srcset=\"https:\/\/www.lenaschmidtupou.com\/wp-content\/uploads\/2022\/01\/2020_LenaSchmidTupou_SilfraNo1_oil_on_canvas_250x220cm_web.jpg 1000w, https:\/\/www.lenaschmidtupou.com\/wp-content\/uploads\/2022\/01\/2020_LenaSchmidTupou_SilfraNo1_oil_on_canvas_250x220cm_web-262x300.jpg 262w, https:\/\/www.lenaschmidtupou.com\/wp-content\/uploads\/2022\/01\/2020_LenaSchmidTupou_SilfraNo1_oil_on_canvas_250x220cm_web-895x1024.jpg 895w, https:\/\/www.lenaschmidtupou.com\/wp-content\/uploads\/2022\/01\/2020_LenaSchmidTupou_SilfraNo1_oil_on_canvas_250x220cm_web-768x879.jpg 768w, https:\/\/www.lenaschmidtupou.com\/wp-content\/uploads\/2022\/01\/2020_LenaSchmidTupou_SilfraNo1_oil_on_canvas_250x220cm_web-437x500.jpg 437w, https:\/\/www.lenaschmidtupou.com\/wp-content\/uploads\/2022\/01\/2020_LenaSchmidTupou_SilfraNo1_oil_on_canvas_250x220cm_web-656x750.jpg 656w, https:\/\/www.lenaschmidtupou.com\/wp-content\/uploads\/2022\/01\/2020_LenaSchmidTupou_SilfraNo1_oil_on_canvas_250x220cm_web-874x1000.jpg 874w\" sizes=\"(max-width: 1000px) 100vw, 1000px\" \/><div class=\"wp-block-cover__inner-container is-layout-flow wp-block-cover-is-layout-flow\">\n<p class=\"has-text-align-center has-large-font-size\"><\/p>\n<\/div><\/div>\n\n\n\n<h3 class=\"wp-block-heading\">Silfra<\/h3>\n\n\n\n<p>An dem Ort, an dem europ\u00e4ische und nordamerikanische Kontinentalplatte aufeinandertreffen, durchsticht die&nbsp;<em>Silfra-Spalte<\/em>&nbsp;den isl\u00e4ndischen Nationalpark&nbsp;<em>\u00deingvellir<\/em>.&nbsp;<\/p>\n\n\n\n<div class=\"wp-block-buttons is-layout-flex wp-block-buttons-is-layout-flex\">\n<div class=\"wp-block-button\"><a class=\"wp-block-button__link wp-element-button\" href=\"https:\/\/www.lenaschmidtupou.com\/de\/arbeiten\/silfra\">Zur Serie<\/a><\/div>\n<\/div>\n<\/div>\n\n\n\n<div class=\"wp-block-column is-layout-flow wp-block-column-is-layout-flow\">\n<div class=\"wp-block-cover is-light\" style=\"min-height:348px\"><span aria-hidden=\"true\" class=\"wp-block-cover__background has-background-dim-0 has-background-dim\"><\/span><img decoding=\"async\" loading=\"lazy\" width=\"1000\" height=\"667\" class=\"wp-block-cover__image-background wp-image-1368\" alt=\"\" src=\"https:\/\/www.lenaschmidtupou.com\/wp-content\/uploads\/2022\/04\/210930-Lena-SchmidTupou1459.jpg\" data-object-fit=\"cover\" srcset=\"https:\/\/www.lenaschmidtupou.com\/wp-content\/uploads\/2022\/04\/210930-Lena-SchmidTupou1459.jpg 1000w, https:\/\/www.lenaschmidtupou.com\/wp-content\/uploads\/2022\/04\/210930-Lena-SchmidTupou1459-300x200.jpg 300w, https:\/\/www.lenaschmidtupou.com\/wp-content\/uploads\/2022\/04\/210930-Lena-SchmidTupou1459-768x512.jpg 768w, https:\/\/www.lenaschmidtupou.com\/wp-content\/uploads\/2022\/04\/210930-Lena-SchmidTupou1459-500x334.jpg 500w, https:\/\/www.lenaschmidtupou.com\/wp-content\/uploads\/2022\/04\/210930-Lena-SchmidTupou1459-750x500.jpg 750w\" sizes=\"(max-width: 1000px) 100vw, 1000px\" \/><div class=\"wp-block-cover__inner-container is-layout-flow wp-block-cover-is-layout-flow\">\n<p class=\"has-text-align-center has-large-font-size\"><\/p>\n<\/div><\/div>\n\n\n\n<h3 class=\"wp-block-heading\">Lumen<\/h3>\n\n\n\n<p>Glasskulpturen, inspiriert von den Gem\u00e4lden von Silfra und den Keramikskulpturen von Landmannalaugar.<\/p>\n\n\n\n<div class=\"wp-block-buttons is-layout-flex wp-block-buttons-is-layout-flex\">\n<div class=\"wp-block-button\"><a class=\"wp-block-button__link wp-element-button\" href=\"https:\/\/www.lenaschmidtupou.com\/de\/arbeiten\/lumen\"><meta charset=\"utf-8\">Zur Serie<\/a><\/div>\n<\/div>\n<\/div>\n\n\n\n<div class=\"wp-block-column is-layout-flow wp-block-column-is-layout-flow\">\n<div class=\"wp-block-cover is-light\" style=\"min-height:348px\"><span aria-hidden=\"true\" class=\"wp-block-cover__background has-background-dim-0 has-background-dim\"><\/span><img decoding=\"async\" loading=\"lazy\" width=\"1000\" height=\"1379\" class=\"wp-block-cover__image-background wp-image-632\" alt=\"\" src=\"https:\/\/www.lenaschmidtupou.com\/wp-content\/uploads\/2022\/02\/2018_InterfacesNo7_LenaSchmidTupou_oil_on_canvas_101cmx76cm.jpg\" data-object-fit=\"cover\" srcset=\"https:\/\/www.lenaschmidtupou.com\/wp-content\/uploads\/2022\/02\/2018_InterfacesNo7_LenaSchmidTupou_oil_on_canvas_101cmx76cm.jpg 1000w, https:\/\/www.lenaschmidtupou.com\/wp-content\/uploads\/2022\/02\/2018_InterfacesNo7_LenaSchmidTupou_oil_on_canvas_101cmx76cm-218x300.jpg 218w, https:\/\/www.lenaschmidtupou.com\/wp-content\/uploads\/2022\/02\/2018_InterfacesNo7_LenaSchmidTupou_oil_on_canvas_101cmx76cm-743x1024.jpg 743w, https:\/\/www.lenaschmidtupou.com\/wp-content\/uploads\/2022\/02\/2018_InterfacesNo7_LenaSchmidTupou_oil_on_canvas_101cmx76cm-768x1059.jpg 768w, https:\/\/www.lenaschmidtupou.com\/wp-content\/uploads\/2022\/02\/2018_InterfacesNo7_LenaSchmidTupou_oil_on_canvas_101cmx76cm-363x500.jpg 363w, https:\/\/www.lenaschmidtupou.com\/wp-content\/uploads\/2022\/02\/2018_InterfacesNo7_LenaSchmidTupou_oil_on_canvas_101cmx76cm-544x750.jpg 544w, https:\/\/www.lenaschmidtupou.com\/wp-content\/uploads\/2022\/02\/2018_InterfacesNo7_LenaSchmidTupou_oil_on_canvas_101cmx76cm-725x1000.jpg 725w\" sizes=\"(max-width: 1000px) 100vw, 1000px\" \/><div class=\"wp-block-cover__inner-container is-layout-flow wp-block-cover-is-layout-flow\">\n<p class=\"has-text-align-center has-large-font-size\"><\/p>\n<\/div><\/div>\n\n\n\n<h3 class=\"wp-block-heading\">Interfaces<\/h3>\n\n\n\n<p>In ihrer Serie Interfaces erforscht Lena Schmid-Tupou die unterschiedlichen Landschaften, die sie gesehen und bewohnt hat und arrangiert ihre Eindr\u00fccke in verschiedenen Kompositionen auf ihrer Leinwand.<\/p>\n\n\n\n<div class=\"wp-block-buttons is-layout-flex wp-block-buttons-is-layout-flex\">\n<div class=\"wp-block-button\"><a class=\"wp-block-button__link wp-element-button\" href=\"https:\/\/www.lenaschmidtupou.com\/de\/arbeiten\/interfaces\"><meta charset=\"utf-8\">Zur Serie<\/a><\/div>\n<\/div>\n<\/div>\n<\/div>\n\n\n\n<div style=\"height:30px\" aria-hidden=\"true\" class=\"wp-block-spacer\"><\/div>\n\n\n\n<div class=\"wp-block-buttons is-horizontal is-content-justification-center is-layout-flex wp-container-12 wp-block-buttons-is-layout-flex\">\n<div class=\"wp-block-button\"><a class=\"wp-block-button__link wp-element-button\" href=\"https:\/\/www.lenaschmidtupou.com\/de\/arbeiten\">Alle Arbeiten<\/a><\/div>\n<\/div>\n\n\n\n<div style=\"height:60px\" aria-hidden=\"true\" class=\"wp-block-spacer\"><\/div>\n\n\n\n<h2 class=\"wp-block-heading has-text-align-center\">Ausstellungen<\/h2>\n\n\n\n<div style=\"height:14px\" aria-hidden=\"true\" class=\"wp-block-spacer\"><\/div>\n\n\n\n<div class=\"wp-block-columns is-layout-flex wp-container-20 wp-block-columns-is-layout-flex\">\n<div class=\"wp-block-column is-layout-flow wp-block-column-is-layout-flow\" style=\"flex-basis:7%\"><\/div>\n\n\n\n<div class=\"wp-block-column is-vertically-aligned-top is-layout-flow wp-block-column-is-layout-flow\" style=\"flex-basis:40%\">\n<h3 class=\"wp-block-heading\"><strong>It is a fine mystery and I tremble everyday lest something should turn up<\/strong><\/h3>\n\n\n\n<h4 class=\"wp-block-heading has-medium-font-size\">05.06 &#8211; 19.07.2025<br>Galerie Hyle<br>Hamburg<\/h4>\n\n\n\n<p>In dieser Gruppenausstellung ist die K\u00fcnstlerin Lena Schmid-Tupou neben ihren Kolleginnen Maria Visser und Elena Greta Falcini zu sehen. Die drei K\u00fcnstlerinnen treffen sich zum zweiten Mal in einer Ausstellung. Welche Eigenschaften braucht es, damit eine solche Zusammenarbeit, eine gemeinsame Ausstellung, produktiv und wertsch\u00e4tzend gelingt? Im Mittelpunkt steht der Grund f\u00fcr die wertsch\u00e4tzende Zusammenarbeit. Offenheit ist der Schl\u00fcssel zum Umgang mit Unterschieden.<\/p>\n\n\n\n<div class=\"wp-block-buttons is-layout-flex wp-block-buttons-is-layout-flex\">\n<div class=\"wp-block-button\"><a class=\"wp-block-button__link wp-element-button\" href=\"http:\/\/lenaschmidtupou.com\/de\/ausstellungen\/komorebi-ausstellung-walshausen\/\">Details<\/a><\/div>\n<\/div>\n<\/div>\n\n\n\n<div class=\"wp-block-column is-vertically-aligned-top is-layout-flow wp-block-column-is-layout-flow\" style=\"flex-basis:160px\">\n<p><\/p>\n<\/div>\n\n\n\n<div class=\"wp-block-column is-vertically-aligned-center is-layout-flow wp-block-column-is-layout-flow\" style=\"flex-basis:50%\">\n<div class=\"wp-block-cover aligncenter is-light\" style=\"min-height:285px\"><span aria-hidden=\"true\" class=\"wp-block-cover__background has-background-dim-0 has-background-dim\"><\/span><img decoding=\"async\" loading=\"lazy\" width=\"922\" height=\"1038\" class=\"wp-block-cover__image-background wp-image-3119\" alt=\"\" src=\"https:\/\/www.lenaschmidtupou.com\/wp-content\/uploads\/2025\/03\/230326_use_it_or_lose_it_0063_web.jpg\" style=\"object-position:50% 40%\" data-object-fit=\"cover\" data-object-position=\"50% 40%\" srcset=\"https:\/\/www.lenaschmidtupou.com\/wp-content\/uploads\/2025\/03\/230326_use_it_or_lose_it_0063_web.jpg 922w, https:\/\/www.lenaschmidtupou.com\/wp-content\/uploads\/2025\/03\/230326_use_it_or_lose_it_0063_web-266x300.jpg 266w, https:\/\/www.lenaschmidtupou.com\/wp-content\/uploads\/2025\/03\/230326_use_it_or_lose_it_0063_web-910x1024.jpg 910w, https:\/\/www.lenaschmidtupou.com\/wp-content\/uploads\/2025\/03\/230326_use_it_or_lose_it_0063_web-768x865.jpg 768w, https:\/\/www.lenaschmidtupou.com\/wp-content\/uploads\/2025\/03\/230326_use_it_or_lose_it_0063_web-444x500.jpg 444w, https:\/\/www.lenaschmidtupou.com\/wp-content\/uploads\/2025\/03\/230326_use_it_or_lose_it_0063_web-666x750.jpg 666w, https:\/\/www.lenaschmidtupou.com\/wp-content\/uploads\/2025\/03\/230326_use_it_or_lose_it_0063_web-888x1000.jpg 888w\" sizes=\"(max-width: 922px) 100vw, 922px\" \/><div class=\"wp-block-cover__inner-container is-layout-flow wp-block-cover-is-layout-flow\">\n<p class=\"has-text-align-center has-large-font-size\"><\/p>\n<\/div><\/div>\n<\/div>\n\n\n\n<div class=\"wp-block-column is-layout-flow wp-block-column-is-layout-flow\" style=\"flex-basis:7%\"><\/div>\n<\/div>\n\n\n\n<div style=\"height:60px\" aria-hidden=\"true\" class=\"wp-block-spacer\"><\/div>\n\n\n\n<div class=\"wp-block-columns is-layout-flex wp-container-28 wp-block-columns-is-layout-flex\">\n<div class=\"wp-block-column is-layout-flow wp-block-column-is-layout-flow\" style=\"flex-basis:7%\"><\/div>\n\n\n\n<div class=\"wp-block-column is-vertically-aligned-center is-layout-flow wp-block-column-is-layout-flow\" style=\"flex-basis:50%\">\n<div class=\"wp-block-cover aligncenter\" style=\"min-height:285px\"><span aria-hidden=\"true\" class=\"wp-block-cover__background has-background-dim-0 has-background-dim\"><\/span><img decoding=\"async\" loading=\"lazy\" width=\"1439\" height=\"1028\" class=\"wp-block-cover__image-background wp-image-3113\" alt=\"\" src=\"https:\/\/www.lenaschmidtupou.com\/wp-content\/uploads\/2025\/03\/Memory01.jpeg\" data-object-fit=\"cover\" srcset=\"https:\/\/www.lenaschmidtupou.com\/wp-content\/uploads\/2025\/03\/Memory01.jpeg 1439w, https:\/\/www.lenaschmidtupou.com\/wp-content\/uploads\/2025\/03\/Memory01-300x214.jpeg 300w, https:\/\/www.lenaschmidtupou.com\/wp-content\/uploads\/2025\/03\/Memory01-1024x732.jpeg 1024w, https:\/\/www.lenaschmidtupou.com\/wp-content\/uploads\/2025\/03\/Memory01-768x549.jpeg 768w, https:\/\/www.lenaschmidtupou.com\/wp-content\/uploads\/2025\/03\/Memory01-500x357.jpeg 500w, https:\/\/www.lenaschmidtupou.com\/wp-content\/uploads\/2025\/03\/Memory01-750x536.jpeg 750w, https:\/\/www.lenaschmidtupou.com\/wp-content\/uploads\/2025\/03\/Memory01-1000x714.jpeg 1000w\" sizes=\"(max-width: 1439px) 100vw, 1439px\" \/><div class=\"wp-block-cover__inner-container is-layout-flow wp-block-cover-is-layout-flow\">\n<p class=\"has-text-align-center has-large-font-size\"><\/p>\n<\/div><\/div>\n<\/div>\n\n\n\n<div class=\"wp-block-column is-vertically-aligned-top is-layout-flow wp-block-column-is-layout-flow\" style=\"flex-basis:160px\">\n<p><\/p>\n<\/div>\n\n\n\n<div class=\"wp-block-column is-vertically-aligned-top is-layout-flow wp-block-column-is-layout-flow\" style=\"flex-basis:40%\">\n<h3 class=\"wp-block-heading\">Fragments of time<\/h3>\n\n\n\n<h4 class=\"wp-block-heading has-medium-font-size\">15.05. &#8211; 18.06.2025<br>Artothek<br>Hannover<\/h4>\n\n\n\n<p>Fragments of Time zeigt zwei Serien, die Lena Schmid-Tupou in den letzten Jahren geschaffen hat: Memory und Kraziai. Beide Serien tauchen tief in den Bereich der Erinnerung und Vorstellungskraft ein. Sie sind eine abstrakte Visualisierung der Zeit.<\/p>\n\n\n\n<div class=\"wp-block-buttons is-layout-flex wp-block-buttons-is-layout-flex\">\n<div class=\"wp-block-button\"><a class=\"wp-block-button__link wp-element-button\" href=\"http:\/\/www.lenaschmidtupou.com\/de\/ausstellungen\/the-sight-of-stars-makes-me-dream\/\">Details<\/a><\/div>\n<\/div>\n<\/div>\n\n\n\n<div class=\"wp-block-column is-layout-flow wp-block-column-is-layout-flow\" style=\"flex-basis:7%\"><\/div>\n<\/div>\n\n\n\n<div style=\"height:60px\" aria-hidden=\"true\" class=\"wp-block-spacer\"><\/div>\n\n\n\n<div class=\"wp-block-columns is-layout-flex wp-container-36 wp-block-columns-is-layout-flex\">\n<div class=\"wp-block-column is-layout-flow wp-block-column-is-layout-flow\" style=\"flex-basis:7%\"><\/div>\n\n\n\n<div class=\"wp-block-column is-vertically-aligned-top is-layout-flow wp-block-column-is-layout-flow\" style=\"flex-basis:40%\">\n<h3 class=\"wp-block-heading\">Komorebi<\/h3>\n\n\n\n<h4 class=\"wp-block-heading has-medium-font-size\">01.04 &#8211; 27.08.2023<br>Kunstraum Walshausen<br>Bad Salzdetfurth<\/h4>\n\n\n\n<p>Komorebi bedeutet, aus dem Japanischen \u00fcbersetzt, das Licht, welches durch die B\u00e4ume scheint. Lena Schmid\u2013Tupou bearbeitet in der gleichnamigen Serie die Sicht, die man in Wintermonaten durch die B\u00e4ume erleben kann. Der Blick wird von einem Gewirr aus \u00c4sten durchzogen. Komorebi greift das Thema des Lichtes und der Linie auf.<\/p>\n\n\n\n<div class=\"wp-block-buttons is-layout-flex wp-block-buttons-is-layout-flex\">\n<div class=\"wp-block-button\"><a class=\"wp-block-button__link wp-element-button\" href=\"http:\/\/lenaschmidtupou.com\/de\/ausstellungen\/komorebi-ausstellung-walshausen\/\">Details<\/a><\/div>\n<\/div>\n<\/div>\n\n\n\n<div class=\"wp-block-column is-vertically-aligned-top is-layout-flow wp-block-column-is-layout-flow\" style=\"flex-basis:160px\">\n<p><\/p>\n<\/div>\n\n\n\n<div class=\"wp-block-column is-vertically-aligned-center is-layout-flow wp-block-column-is-layout-flow\" style=\"flex-basis:50%\">\n<div class=\"wp-block-cover aligncenter is-light\" style=\"min-height:285px\"><span aria-hidden=\"true\" class=\"wp-block-cover__background has-background-dim-0 has-background-dim\"><\/span><img decoding=\"async\" loading=\"lazy\" width=\"1000\" height=\"667\" class=\"wp-block-cover__image-background wp-image-3077\" alt=\"\" src=\"https:\/\/www.lenaschmidtupou.com\/wp-content\/uploads\/2023\/11\/Lena_Schmid_Tupou_Komorebi_Ausstellungsansicht_02_web.jpg\" data-object-fit=\"cover\" srcset=\"https:\/\/www.lenaschmidtupou.com\/wp-content\/uploads\/2023\/11\/Lena_Schmid_Tupou_Komorebi_Ausstellungsansicht_02_web.jpg 1000w, https:\/\/www.lenaschmidtupou.com\/wp-content\/uploads\/2023\/11\/Lena_Schmid_Tupou_Komorebi_Ausstellungsansicht_02_web-300x200.jpg 300w, https:\/\/www.lenaschmidtupou.com\/wp-content\/uploads\/2023\/11\/Lena_Schmid_Tupou_Komorebi_Ausstellungsansicht_02_web-768x512.jpg 768w, https:\/\/www.lenaschmidtupou.com\/wp-content\/uploads\/2023\/11\/Lena_Schmid_Tupou_Komorebi_Ausstellungsansicht_02_web-500x334.jpg 500w, https:\/\/www.lenaschmidtupou.com\/wp-content\/uploads\/2023\/11\/Lena_Schmid_Tupou_Komorebi_Ausstellungsansicht_02_web-750x500.jpg 750w\" sizes=\"(max-width: 1000px) 100vw, 1000px\" \/><div class=\"wp-block-cover__inner-container is-layout-flow wp-block-cover-is-layout-flow\">\n<p class=\"has-text-align-center has-large-font-size\"><\/p>\n<\/div><\/div>\n<\/div>\n\n\n\n<div class=\"wp-block-column is-layout-flow wp-block-column-is-layout-flow\" style=\"flex-basis:7%\"><\/div>\n<\/div>\n\n\n\n<div style=\"height:60px\" aria-hidden=\"true\" class=\"wp-block-spacer\"><\/div>\n\n\n\n<div class=\"wp-block-columns is-layout-flex wp-container-44 wp-block-columns-is-layout-flex\">\n<div class=\"wp-block-column is-layout-flow wp-block-column-is-layout-flow\" style=\"flex-basis:7%\"><\/div>\n\n\n\n<div class=\"wp-block-column is-vertically-aligned-center is-layout-flow wp-block-column-is-layout-flow\" style=\"flex-basis:50%\">\n<div class=\"wp-block-cover aligncenter is-light\" style=\"min-height:285px\"><span aria-hidden=\"true\" class=\"wp-block-cover__background has-background-dim-0 has-background-dim\"><\/span><img decoding=\"async\" loading=\"lazy\" width=\"1000\" height=\"1499\" class=\"wp-block-cover__image-background wp-image-2979\" alt=\"\" src=\"https:\/\/www.lenaschmidtupou.com\/wp-content\/uploads\/2023\/07\/Lena_Schmid_Tupou_the_sight_of_stars_makes_me_dream_Ausstellungsansicht_11_web.jpg\" data-object-fit=\"cover\" srcset=\"https:\/\/www.lenaschmidtupou.com\/wp-content\/uploads\/2023\/07\/Lena_Schmid_Tupou_the_sight_of_stars_makes_me_dream_Ausstellungsansicht_11_web.jpg 1000w, https:\/\/www.lenaschmidtupou.com\/wp-content\/uploads\/2023\/07\/Lena_Schmid_Tupou_the_sight_of_stars_makes_me_dream_Ausstellungsansicht_11_web-200x300.jpg 200w, https:\/\/www.lenaschmidtupou.com\/wp-content\/uploads\/2023\/07\/Lena_Schmid_Tupou_the_sight_of_stars_makes_me_dream_Ausstellungsansicht_11_web-683x1024.jpg 683w, https:\/\/www.lenaschmidtupou.com\/wp-content\/uploads\/2023\/07\/Lena_Schmid_Tupou_the_sight_of_stars_makes_me_dream_Ausstellungsansicht_11_web-768x1151.jpg 768w, https:\/\/www.lenaschmidtupou.com\/wp-content\/uploads\/2023\/07\/Lena_Schmid_Tupou_the_sight_of_stars_makes_me_dream_Ausstellungsansicht_11_web-334x500.jpg 334w, https:\/\/www.lenaschmidtupou.com\/wp-content\/uploads\/2023\/07\/Lena_Schmid_Tupou_the_sight_of_stars_makes_me_dream_Ausstellungsansicht_11_web-500x750.jpg 500w, https:\/\/www.lenaschmidtupou.com\/wp-content\/uploads\/2023\/07\/Lena_Schmid_Tupou_the_sight_of_stars_makes_me_dream_Ausstellungsansicht_11_web-667x1000.jpg 667w\" sizes=\"(max-width: 1000px) 100vw, 1000px\" \/><div class=\"wp-block-cover__inner-container is-layout-flow wp-block-cover-is-layout-flow\">\n<p class=\"has-text-align-center has-large-font-size\"><\/p>\n<\/div><\/div>\n<\/div>\n\n\n\n<div class=\"wp-block-column is-vertically-aligned-top is-layout-flow wp-block-column-is-layout-flow\" style=\"flex-basis:160px\">\n<p><\/p>\n<\/div>\n\n\n\n<div class=\"wp-block-column is-vertically-aligned-top is-layout-flow wp-block-column-is-layout-flow\" style=\"flex-basis:40%\">\n<h3 class=\"wp-block-heading\">The sight of stars makes me dream<\/h3>\n\n\n\n<h4 class=\"wp-block-heading has-medium-font-size\">19.05. &#8211; 04.06.2023<br>Artist Unlimited<br>Bielefeld<\/h4>\n\n\n\n<p>Neue Skulpturen und Malereien, die eine Auseinandersetzung mit Schmid-Tupous Werkgruppe \u201cInterfaces\u201d aufnehmen und die Ver\u00f6ffentlichung des ersten Katalogs, der eine Auswahl an Arbeiten von 2018 bis 2021 zeigt.<\/p>\n\n\n\n<div class=\"wp-block-buttons is-layout-flex wp-block-buttons-is-layout-flex\">\n<div class=\"wp-block-button\"><a class=\"wp-block-button__link wp-element-button\" href=\"http:\/\/www.lenaschmidtupou.com\/de\/ausstellungen\/the-sight-of-stars-makes-me-dream\/\">Details<\/a><\/div>\n<\/div>\n<\/div>\n\n\n\n<div class=\"wp-block-column is-layout-flow wp-block-column-is-layout-flow\" style=\"flex-basis:7%\"><\/div>\n<\/div>\n\n\n\n<div style=\"height:30px\" aria-hidden=\"true\" class=\"wp-block-spacer\"><\/div>\n\n\n\n<div class=\"wp-block-buttons is-horizontal is-content-justification-center is-layout-flex wp-container-45 wp-block-buttons-is-layout-flex\">\n<div class=\"wp-block-button\"><a class=\"wp-block-button__link wp-element-button\" href=\"https:\/\/www.lenaschmidtupou.com\/de\/ausstellungen\">Alle Ausstellungen<\/a><\/div>\n<\/div>\n\n\n\n<div style=\"height:60px\" aria-hidden=\"true\" class=\"wp-block-spacer\"><\/div>\n","protected":false},"excerpt":{"rendered":"<p>Lena Schmid-Tupou Die Dinge, die wir sehen, sind genau so wichtig wie die Dinge, die wir uns vorstellen, wir ertr\u00e4umen oder f\u00fchlen. Arbeiten Silfra An dem Ort, an dem europ\u00e4ische und nordamerikanische Kontinentalplatte aufeinandertreffen, durchsticht die&nbsp;Silfra-Spalte&nbsp;den isl\u00e4ndischen Nationalpark&nbsp;\u00deingvellir.&nbsp; Lumen Glasskulpturen, inspiriert von den Gem\u00e4lden von Silfra und den Keramikskulpturen von Landmannalaugar. Interfaces In ihrer Serie [&hellip;]<\/p>\n","protected":false},"author":1,"featured_media":0,"parent":0,"menu_order":0,"comment_status":"closed","ping_status":"closed","template":"","meta":{"inline_featured_image":false,"pgc_sgb_lightbox_settings":"","footnotes":""},"_links":{"self":[{"href":"https:\/\/www.lenaschmidtupou.com\/de\/wp-json\/wp\/v2\/pages\/179"}],"collection":[{"href":"https:\/\/www.lenaschmidtupou.com\/de\/wp-json\/wp\/v2\/pages"}],"about":[{"href":"https:\/\/www.lenaschmidtupou.com\/de\/wp-json\/wp\/v2\/types\/page"}],"author":[{"embeddable":true,"href":"https:\/\/www.lenaschmidtupou.com\/de\/wp-json\/wp\/v2\/users\/1"}],"replies":[{"embeddable":true,"href":"https:\/\/www.lenaschmidtupou.com\/de\/wp-json\/wp\/v2\/comments?post=179"}],"version-history":[{"count":39,"href":"https:\/\/www.lenaschmidtupou.com\/de\/wp-json\/wp\/v2\/pages\/179\/revisions"}],"predecessor-version":[{"id":3122,"href":"https:\/\/www.lenaschmidtupou.com\/de\/wp-json\/wp\/v2\/pages\/179\/revisions\/3122"}],"wp:attachment":[{"href":"https:\/\/www.lenaschmidtupou.com\/de\/wp-json\/wp\/v2\/media?parent=179"}],"curies":[{"name":"wp","href":"https:\/\/api.w.org\/{rel}","templated":true}]}}